{"id":1303,"date":"2022-11-07T10:53:49","date_gmt":"2022-11-07T16:53:49","guid":{"rendered":"https:\/\/favc.blog\/?page_id=1303"},"modified":"2025-03-27T17:06:22","modified_gmt":"2025-03-27T23:06:22","slug":"notas","status":"publish","type":"page","link":"https:\/\/favc.blog\/en\/notas\/","title":{"rendered":"Notas"},"content":{"rendered":"\n<h1>\n\t\t\t\tTodas las Notas\n\t\t\t<\/h1>\n\t<p>Encuentra toda la informaci\u00f3n sobre la membres\u00eda Fiesta Americana Vacation Club: c\u00f3mo funciona, destinos, reservaciones, experiencias \u00a1y m\u00e1s beneficios!<\/p>\n\t\t\t\t<img decoding=\"async\" src=\"https:\/\/favc.blog\/wp-content\/uploads\/2022\/11\/favc-blog-1024x1024.jpg\" alt=\"fiesta americana vacation club blog\" title=\"fiesta americana vacation club blog\" itemprop=\"image\">\n\t\t\t\t<img loading=\"lazy\" decoding=\"async\" src=\"https:\/\/favc.blog\/wp-content\/uploads\/2022\/11\/fiesta-americana-vacation-club-1.jpg\" alt=\"Qu\u00e9 es Fiesta Americana Vacation Club\" itemprop=\"image\" height=\"2000\" width=\"3000\" title=\"fiesta-americana-vacation-club\" onerror=\"this.style.display='none'\">\n<h6>\n\t\tNOTICIAS DESTACADAS\n\t<\/h6>\n<h2>\n\t\t\u00bfQu\u00e9 es Fiesta Americana Vacation Club?\n\t<\/h2>\n<h6>\n\t\tConoce todo sobre la membres\u00eda Fiesta Americana Vacation Club y descubre por qu\u00e9 es la mejor opci\u00f3n para ti y tu familia.\n\t<\/h6>\n\t\t\t<a href=\"https:\/\/favc.blog\/que-es-fiesta-americana-vacation-club\/\" target=\"_self\">\n\t\t\t\t\t\t\tLEER M\u00c1S\n\t\t\t\t\t<\/a>\n\t\t\t\t\t\t\t\t\t\t\t\t\t\t<a href=\"https:\/\/favc.blog\/que-hacer-en-la-paz-10-actividades-imperdibles\/\" target=\"_self\" title=\"\u00bfQu\u00e9 hacer en La Paz? 10 Actividades imperdibles\">\n\t\t\t\t<img decoding=\"async\" src=\"https:\/\/favc.blog\/wp-content\/uploads\/2025\/03\/que-hacer-en-la-paz-300x200.jpg\" alt=\"Familia disfrutando de actividades en La Paz\">\n\t\t\t\t<\/a>\n\t\t\t\t\t\t<h3>\n\t\t\t\t<a href=\"https:\/\/favc.blog\/que-hacer-en-la-paz-10-actividades-imperdibles\/\" title=\"\u00bfQu\u00e9 hacer en La Paz? 10 Actividades imperdibles\" tabindex=\"0\">\u00bfQu\u00e9 hacer en La Paz? 10 Actividades imperdibles<\/a>\t\t\t<\/h3>\n\t\t\t\t\t\t\t\tSi est\u00e1s planeando un viaje a Baja California Sur y te preguntas qu\u00e9 hacer en La Paz, has llegado al lugar correcto. Esta ciudad costera es un verdadero para\u00edso para los amantes de la naturaleza, la aventura y el descanso.&nbsp; Desde nadar con tiburones ballena hasta disfrutar de playas paradis\u00edacas, aqu\u00ed te compartimos 10 actividades [\u2026]\n\t\t\t\t\t<a href=\"https:\/\/favc.blog\/que-hacer-en-la-paz-10-actividades-imperdibles\/\" target=\"_self\">LEER M\u00c1S \u2192<\/a>\t\t\n\t\t\t\t\t\t\t\t\t\t\t\t\t\t<a href=\"https:\/\/favc.blog\/aprovecha-al-maximo-los-puntos-de-tu-membresia-favc\/\" target=\"_self\" title=\"C\u00f3mo aprovechar al m\u00e1ximo los puntos de tu membres\u00eda FAVC\">\n\t\t\t\t<img decoding=\"async\" src=\"https:\/\/favc.blog\/wp-content\/uploads\/2025\/03\/amigos-disfrutando-viaje-en-FAVC-300x200.jpg\" alt=\"Amigos disfrutando beneficios puntos Fiesta Rewards\">\n\t\t\t\t<\/a>\n\t\t\t\t\t\t<h3>\n\t\t\t\t<a href=\"https:\/\/favc.blog\/aprovecha-al-maximo-los-puntos-de-tu-membresia-favc\/\" title=\"C\u00f3mo aprovechar al m\u00e1ximo los puntos de tu membres\u00eda FAVC\" tabindex=\"0\">C\u00f3mo aprovechar al m\u00e1ximo los puntos de tu membres\u00eda FAVC<\/a>\t\t\t<\/h3>\n\t\t\t\t\t\t\t\t\u00bfAcumulaste puntos FAVC que a\u00fan no has usado? Aprende a sacarles el m\u00e1ximo provecho con nuestros tips.\n\t\t\t\t\t<a href=\"https:\/\/favc.blog\/aprovecha-al-maximo-los-puntos-de-tu-membresia-favc\/\" target=\"_self\">LEER M\u00c1S \u2192<\/a>\t\t\n\t\t\t\t\t\t\t\t\t\t\t\t\t\t<a href=\"https:\/\/favc.blog\/avistamiento-de-ballenas-en-familia-en-vallarta\/\" target=\"_self\" title=\"Avistamiento de ballenas y planes en familia en Vallarta\">\n\t\t\t\t<img decoding=\"async\" src=\"https:\/\/favc.blog\/wp-content\/uploads\/2025\/02\/avistamientos-de-ballenas-en-puerto-vallarta-300x200.jpg\" alt=\"Vive el avistamiento de ballenas en Puerto Vallarta\">\n\t\t\t\t<\/a>\n\t\t\t\t\t\t<h3>\n\t\t\t\t<a href=\"https:\/\/favc.blog\/avistamiento-de-ballenas-en-familia-en-vallarta\/\" title=\"Avistamiento de ballenas y planes en familia en Vallarta\" tabindex=\"0\">Avistamiento de ballenas y planes en familia en Vallarta<\/a>\t\t\t<\/h3>\n\t\t\t\t\t\t\t\tSum\u00e9rgete en la experiencia del avistamiento de ballenas en Vallarta y encuentra opciones perfectas para pasar tiempo en familia. \u00a1Aventura asegurada!\n\t\t\t\t\t<a href=\"https:\/\/favc.blog\/avistamiento-de-ballenas-en-familia-en-vallarta\/\" target=\"_self\">LEER M\u00c1S \u2192<\/a>\t\t\n\t\t\t\t\t\t\t\t\t\t\t\t\t\t<a href=\"https:\/\/favc.blog\/hoteles-fiesta-americana-para-primavera\/\" target=\"_self\" title=\"Hoteles Fiesta Americana: Escapadas perfectas para primavera\">\n\t\t\t\t<img decoding=\"async\" src=\"https:\/\/favc.blog\/wp-content\/uploads\/2025\/02\/amigos-vacaciones-de-primavera-300x200.jpg\" alt=\"Foto de amigos en vacaciones de primavera\">\n\t\t\t\t<\/a>\n\t\t\t\t\t\t<h3>\n\t\t\t\t<a href=\"https:\/\/favc.blog\/hoteles-fiesta-americana-para-primavera\/\" title=\"Hoteles Fiesta Americana: Escapadas perfectas para primavera\" tabindex=\"0\">Hoteles Fiesta Americana: Escapadas perfectas para primavera<\/a>\t\t\t<\/h3>\n\t\t\t\t\t\t\t\t\u00bfAnsioso por la primavera? Descubre los hoteles Fiesta Americana, el lugar perfecto para descansar y deleitarte con paisajes espectaculares.\n\t\t\t\t\t<a href=\"https:\/\/favc.blog\/hoteles-fiesta-americana-para-primavera\/\" target=\"_self\">LEER M\u00c1S \u2192<\/a>\t\t\n\t\t\t\t\t\t\t\t\t\t\t\t\t\t<a href=\"https:\/\/favc.blog\/actividades-romanticas-para-tu-viaje-en-pareja\/\" target=\"_self\" title=\"Actividades rom\u00e1nticas para disfrutar en tu viaje en pareja\">\n\t\t\t\t<img decoding=\"async\" src=\"https:\/\/favc.blog\/wp-content\/uploads\/2025\/02\/viaje-en-pareja-300x200.jpg\" alt=\"Pareja disfrutando de su viaje\">\n\t\t\t\t<\/a>\n\t\t\t\t\t\t<h3>\n\t\t\t\t<a href=\"https:\/\/favc.blog\/actividades-romanticas-para-tu-viaje-en-pareja\/\" title=\"Actividades rom\u00e1nticas para disfrutar en tu viaje en pareja\" tabindex=\"0\">Actividades rom\u00e1nticas para disfrutar en tu viaje en pareja<\/a>\t\t\t<\/h3>\n\t\t\t\t\t\t\t\tEste San Valent\u00edn, convierte tu viaje en pareja en una historia de amor inolvidable con estas actividades ideales para atesorar recuerdos \u00fanicos.\n\t\t\t\t\t<a href=\"https:\/\/favc.blog\/actividades-romanticas-para-tu-viaje-en-pareja\/\" target=\"_self\">LEER M\u00c1S \u2192<\/a>\t\t\n\t\t\t\t\t\t\t\t\t\t\t\t\t\t<a href=\"https:\/\/favc.blog\/top-10-lugares-para-pedir-matrimonio-en-mexico\/\" target=\"_self\" title=\"Amor en M\u00e9xico: Top 10 lugares para pedir matrimonio\">\n\t\t\t\t<img decoding=\"async\" src=\"https:\/\/favc.blog\/wp-content\/uploads\/2025\/02\/lugares-para-pedir-matrimonio-300x200.jpg\" alt=\"destinos rom\u00e1nticos en M\u00e9xico\">\n\t\t\t\t<\/a>\n\t\t\t\t\t\t<h3>\n\t\t\t\t<a href=\"https:\/\/favc.blog\/top-10-lugares-para-pedir-matrimonio-en-mexico\/\" title=\"Amor en M\u00e9xico: Top 10 lugares para pedir matrimonio\" tabindex=\"0\">Amor en M\u00e9xico: Top 10 lugares para pedir matrimonio<\/a>\t\t\t<\/h3>\n\t\t\t\t\t\t\t\tDescubre los 10 lugares m\u00e1s encantadores en M\u00e9xico para pedir matrimonio con nuestra gu\u00eda. \u00a1Que tu amor se luzca!\n\t\t\t\t\t<a href=\"https:\/\/favc.blog\/top-10-lugares-para-pedir-matrimonio-en-mexico\/\" target=\"_self\">LEER M\u00c1S \u2192<\/a>\t\t\n\t\t\t<ul class=\"page-numbers\">\n\t<li>1<\/li>\n\t<li><a href=\"https:\/\/favc.blog\/page\/2\/?page_id=1303&amp;fl_builder\">2<\/a><\/li>\n\t<li><a href=\"https:\/\/favc.blog\/page\/3\/?page_id=1303&amp;fl_builder\">3<\/a><\/li>\n\t<li>\u2026<\/li>\n\t<li><a href=\"https:\/\/favc.blog\/page\/15\/?page_id=1303&amp;fl_builder\">15<\/a><\/li>\n\t<li><a href=\"https:\/\/favc.blog\/page\/2\/?page_id=1303&amp;fl_builder\">Siguiente \u00bb<\/a><\/li>\n<\/ul>\n\t<h2>\n\t\t\t\tMereces viajar con <br>Fiesta Americana Vacation Club\n\t\t\t<\/h2>\n\t<p>Visita los lugares que siempre deseaste, vive experiencias maravillosas y disfruta de unas vacaciones memorables.<\/p>\n\t\t\t<a href=\"https:\/\/api.whatsapp.com\/send?phone=5215580086152&amp;text=Hola%2C%C2%BFMe+pueden+ayudar%3F&amp;utm_source=website&amp;utm_medium=blog+&amp;utm_campaign=FAVC+\" target=\"_blank\" rel=\"noopener\" role=\"button\" aria-label=\"\u00a1Empieza a viajar!\">\n\t\t\t\t\t\t\t\u00a1Empieza a viajar!\n\t\t<\/a>\n","protected":false},"excerpt":{"rendered":"<p>Todas las Notas Encuentra toda la informaci\u00f3n sobre la membres\u00eda Fiesta Americana Vacation Club: c\u00f3mo funciona, destinos, reservaciones, experiencias \u00a1y [&hellip;]<\/p>\n","protected":false},"author":226577103,"featured_media":0,"parent":0,"menu_order":0,"comment_status":"closed","ping_status":"closed","template":"","meta":{"_crdt_document":"","site-sidebar-layout":"no-sidebar","site-content-layout":"page-builder","ast-site-content-layout":"full-width-container","site-content-style":"unboxed","site-sidebar-style":"unboxed","ast-global-header-display":"","ast-banner-title-visibility":"","ast-main-header-display":"","ast-hfb-above-header-display":"","ast-hfb-below-header-display":"","ast-hfb-mobile-header-display":"","site-post-title":"disabled","ast-breadcrumbs-content":"disabled","ast-featured-img":"disabled","footer-sml-layout":"","theme-transparent-header-meta":"enabled","adv-header-id-meta":"","stick-header-meta":"","header-above-stick-meta":"","header-main-stick-meta":"","header-below-stick-meta":"","astra-migrate-meta-layouts":"set","ast-page-background-enabled":"default","ast-page-background-meta":{"desktop":{"background-color":"","background-image":"","background-repeat":"repeat","background-position":"center center","background-size":"auto","background-attachment":"scroll","background-type":"","background-media":"","overlay-type":"","overlay-color":"","overlay-gradient":""},"tablet":{"background-color":"","background-image":"","background-repeat":"repeat","background-position":"center center","background-size":"auto","background-attachment":"scroll","background-type":"","background-media":"","overlay-type":"","overlay-color":"","overlay-gradient":""},"mobile":{"background-color":"","background-image":"","background-repeat":"repeat","background-position":"center center","background-size":"auto","background-attachment":"scroll","background-type":"","background-media":"","overlay-type":"","overlay-color":"","overlay-gradient":""}},"ast-content-background-meta":{"desktop":{"background-color":"var(--ast-global-color-5)","background-image":"","background-repeat":"repeat","background-position":"center center","background-size":"auto","background-attachment":"scroll","background-type":"","background-media":"","overlay-type":"","overlay-color":"","overlay-gradient":""},"tablet":{"background-color":"var(--ast-global-color-5)","background-image":"","background-repeat":"repeat","background-position":"center center","background-size":"auto","background-attachment":"scroll","background-type":"","background-media":"","overlay-type":"","overlay-color":"","overlay-gradient":""},"mobile":{"background-color":"var(--ast-global-color-5)","background-image":"","background-repeat":"repeat","background-position":"center center","background-size":"auto","background-attachment":"scroll","background-type":"","background-media":"","overlay-type":"","overlay-color":"","overlay-gradient":""}},"jetpack_post_was_ever_published":false,"footnotes":""},"class_list":["post-1303","page","type-page","status-publish","hentry"],"jetpack_likes_enabled":true,"jetpack_sharing_enabled":true,"jetpack_shortlink":"https:\/\/wp.me\/PehrFj-l1","jetpack-related-posts":[{"id":1056,"url":"https:\/\/favc.blog\/en\/","url_meta":{"origin":1303,"position":0},"title":"Home","author":"FAVC","date":"16 de June de 2021","format":false,"excerpt":"BIENVENIDO \u00bfQu\u00e9 es Fiesta Americana Vacation Club? Viajes \/ Hospedaje Descubre qu\u00e9 es la membres\u00eda Fiesta Americana Vacation Club y por qu\u00e9 es la mejor opci\u00f3n para ti y tu familia. Conoce m\u00e1s \u00daltimas notas Por qu\u00e9 viajar en los \u00faltimos meses del a\u00f1o es inolvidable Vive las festividades mexicanas\u2026","rel":"","context":"Similar post","block_context":{"text":"Similar post","link":""},"img":{"alt_text":"Razones para viajar en fin de a\u00f1o","src":"https:\/\/i0.wp.com\/favc.blog\/wp-content\/uploads\/2025\/09\/por-que-viajar-temporada-baja-300x200.jpg?resize=350%2C200&ssl=1","width":350,"height":200},"classes":[]},{"id":1085,"url":"https:\/\/favc.blog\/en\/contact\/","url_meta":{"origin":1303,"position":1},"title":"Contact","author":"FAVC","date":"16 de June de 2021","format":false,"excerpt":"Contacto \u00bfTienes alguna otra duda acerca de la membres\u00eda Fiesta Americana Vacation Club? Comun\u00edcate con nosotros y con gusto te atenderemos. DIRECCI\u00d3N Av. Prolongaci\u00f3n Paseo de la Reforma 1015, Torre A, Piso 9, Col. Santa Fe de Cuajimalpa, Cuajimalpa, 05348 TEL\u00c9FONO Nacional 443 113 1490\u00a0\u00a0Internacional +52 443 113 1490Desde Estados\u2026","rel":"","context":"Similar post","block_context":{"text":"Similar post","link":""},"img":{"alt_text":"","src":"","width":0,"height":0},"classes":[]},{"id":1069,"url":"https:\/\/favc.blog\/en\/faqs\/","url_meta":{"origin":1303,"position":2},"title":"FAQs","author":"FAVC","date":"16 de June de 2021","format":false,"excerpt":"Preguntas Frecuentes \u00bfQu\u00e9 duda podemos ayudarte a resolver? \u00bfQu\u00e9 es Fiesta Americana Vacation Club (FAVC)? Es una membres\u00eda vacacional de largo plazo que est\u00e1 basada en un sistema de puntos. Al ser socio, puedes hospedarte en villas y habitaciones de los resorts y hoteles participantes, as\u00ed como en los desarrollos\u2026","rel":"","context":"Similar post","block_context":{"text":"Similar post","link":""},"img":{"alt_text":"live aqua","src":"https:\/\/i0.wp.com\/favc.blog\/wp-content\/uploads\/2022\/11\/Live-Aqua-150x100.png?resize=350%2C200&ssl=1","width":350,"height":200},"classes":[]}],"_links":{"self":[{"href":"https:\/\/favc.blog\/en\/wp-json\/wp\/v2\/pages\/1303","targetHints":{"allow":["GET"]}}],"collection":[{"href":"https:\/\/favc.blog\/en\/wp-json\/wp\/v2\/pages"}],"about":[{"href":"https:\/\/favc.blog\/en\/wp-json\/wp\/v2\/types\/page"}],"author":[{"embeddable":true,"href":"https:\/\/favc.blog\/en\/wp-json\/wp\/v2\/users\/226577103"}],"replies":[{"embeddable":true,"href":"https:\/\/favc.blog\/en\/wp-json\/wp\/v2\/comments?post=1303"}],"version-history":[{"count":69,"href":"https:\/\/favc.blog\/en\/wp-json\/wp\/v2\/pages\/1303\/revisions"}],"predecessor-version":[{"id":3584,"href":"https:\/\/favc.blog\/en\/wp-json\/wp\/v2\/pages\/1303\/revisions\/3584"}],"wp:attachment":[{"href":"https:\/\/favc.blog\/en\/wp-json\/wp\/v2\/media?parent=1303"}],"curies":[{"name":"wp","href":"https:\/\/api.w.org\/{rel}","templated":true}]}}