{"id":1085,"date":"2021-06-16T15:43:25","date_gmt":"2021-06-16T15:43:25","guid":{"rendered":"https:\/\/favc.blog\/contact\/"},"modified":"2025-07-15T00:58:58","modified_gmt":"2025-07-15T06:58:58","slug":"contact","status":"publish","type":"page","link":"https:\/\/favc.blog\/en\/contact\/","title":{"rendered":"Contact"},"content":{"rendered":"\n\n\t<h1>\n\t\t\t\tContacto\n\t\t\t<\/h1>\n\t\t\t<p>\u00bfTienes alguna otra duda acerca de la membres\u00eda Fiesta Americana Vacation Club? Comun\u00edcate con nosotros y con gusto te atenderemos. <\/p>\t\n\t\t\t<p>DIRECCI\u00d3N<\/p>\t\t\t\n\t\t\t\t<p>Av. Prolongaci\u00f3n Paseo de la Reforma 1015, Torre A, Piso 9, Col. Santa Fe de Cuajimalpa, Cuajimalpa, 05348<\/p>\n\t\t\t<p>TEL\u00c9FONO<\/p>\t\t\t\n\t\t\t\t<p>Nacional 443 113 1490\u00a0\u00a0<br \/>Internacional +52 443 113 1490<br \/>Desde Estados Unidos y Canad\u00e1 877 767 3282<\/p>\n\t\t\t<p>Email<\/p>\t\t\t\n\t\t\t\t<p><a href=\"mailto:infofavclub@posadas.com\">infofavclub@posadas.com<\/a><\/p>\n\t\t\t\t<p><a href=\"https:\/\/api.whatsapp.com\/send?phone=5215580086152&amp;text=Hola,%C2%BFMe%20pueden%20ayudar?&amp;utm_source=website&amp;utm_medium=blog+&amp;utm_campaign=FAVC+\" target=\"_blank\" rel=\"noopener\">Escr\u00edbenos por Whatsapp<\/a><\/p>\n\t<h3>\n\t\t\t\tD\u00e9janos tu mensaje\n\t\t\t<\/h3>\n\t<div class=\"wpforms-container \" id=\"wpforms-1259\"><form id=\"wpforms-form-1259\" class=\"wpforms-validate wpforms-form\" data-formid=\"1259\" method=\"post\" enctype=\"multipart\/form-data\" action=\"\/en\/wp-json\/wp\/v2\/pages\/1085\" data-token=\"0ed3b18fda3c3f605d8b6c144ee2952f\" data-token-time=\"1778700877\"><noscript class=\"wpforms-error-noscript\">Please enable JavaScript in your browser to complete this form.<\/noscript><div class=\"wpforms-field-container\"><div id=\"wpforms-1259-field_1-container\" class=\"wpforms-field wpforms-field-name\" data-field-id=\"1\"><label class=\"wpforms-field-label\">Nombre <span class=\"wpforms-required-label\">*<\/span><\/label><div class=\"wpforms-field-row wpforms-field-large\"><div class=\"wpforms-field-row-block wpforms-first wpforms-one-half\"><input type=\"text\" id=\"wpforms-1259-field_1\" class=\"wpforms-field-name-first wpforms-field-required\" name=\"wpforms[fields][1][first]\" required><label for=\"wpforms-1259-field_1\" class=\"wpforms-field-sublabel after\">First<\/label><\/div><div class=\"wpforms-field-row-block wpforms-one-half\"><input type=\"text\" id=\"wpforms-1259-field_1-last\" class=\"wpforms-field-name-last wpforms-field-required\" name=\"wpforms[fields][1][last]\" required><label for=\"wpforms-1259-field_1-last\" class=\"wpforms-field-sublabel after\">Last<\/label><\/div><\/div><\/div><div id=\"wpforms-1259-field_2-container\" class=\"wpforms-field wpforms-field-email\" data-field-id=\"2\"><label class=\"wpforms-field-label\" for=\"wpforms-1259-field_2\">Email <span class=\"wpforms-required-label\">*<\/span><\/label><input type=\"email\" id=\"wpforms-1259-field_2\" class=\"wpforms-field-large wpforms-field-required\" name=\"wpforms[fields][2]\" spellcheck=\"false\" required><\/div><div id=\"wpforms-1259-field_3-container\" class=\"wpforms-field wpforms-field-text\" data-field-id=\"3\"><label class=\"wpforms-field-label\" for=\"wpforms-1259-field_3\">Asunto <span class=\"wpforms-required-label\">*<\/span><\/label><input type=\"text\" id=\"wpforms-1259-field_3\" class=\"wpforms-field-large wpforms-field-required\" name=\"wpforms[fields][3]\" required><\/div><div id=\"wpforms-1259-field_4-container\" class=\"wpforms-field wpforms-field-textarea\" data-field-id=\"4\"><label class=\"wpforms-field-label\" for=\"wpforms-1259-field_4\">Comentarios <span class=\"wpforms-required-label\">*<\/span><\/label><textarea id=\"wpforms-1259-field_4\" class=\"wpforms-field-medium wpforms-field-required\" name=\"wpforms[fields][4]\" required><\/textarea><\/div><\/div><!-- .wpforms-field-container --><div class=\"wpforms-submit-container\" ><input type=\"hidden\" name=\"wpforms[id]\" value=\"1259\"><input type=\"hidden\" name=\"page_title\" value=\"\"><input type=\"hidden\" name=\"page_url\" value=\"https:\/\/favc.blog\/en\/wp-json\/wp\/v2\/pages\/1085\"><input type=\"hidden\" name=\"url_referer\" value=\"\"><button type=\"submit\" name=\"wpforms[submit]\" id=\"wpforms-submit-1259\" class=\"wpforms-submit\" data-alt-text=\"Sending...\" data-submit-text=\"ENVIAR\" aria-live=\"assertive\" value=\"wpforms-submit\">ENVIAR<\/button><\/div><\/form><\/div>  <!-- .wpforms-container -->\n\t<h2>\n\t\t\t\tMereces viajar con <br \/> Fiesta Americana Vacation Club\n\t\t\t<\/h2>\n\t<p>Visita los lugares que siempre deseaste, vive experiencias maravillosas y disfruta de unas vacaciones memorables.<\/p>\n\t\t\t<a href=\"https:\/\/api.whatsapp.com\/send?phone=5215580086152&amp;text=Hola%2C%C2%BFMe+pueden+ayudar%3F&amp;utm_source=website&amp;utm_medium=blog+&amp;utm_campaign=FAVC+\" target=\"_blank\" rel=\"noopener\"  role=\"button\" aria-label=\"\u00a1Empieza a viajar!\">\n\t\t\t\t\t\t\t\u00a1Empieza a viajar!\n\t\t<\/a>\n\n","protected":false},"excerpt":{"rendered":"<p>Contacto \u00bfTienes alguna otra duda acerca de la membres\u00eda Fiesta Americana Vacation Club? Comun\u00edcate con nosotros y con gusto te [&hellip;]<\/p>\n","protected":false},"author":226577103,"featured_media":0,"parent":0,"menu_order":0,"comment_status":"closed","ping_status":"closed","template":"","meta":{"_crdt_document":"","site-sidebar-layout":"no-sidebar","site-content-layout":"page-builder","ast-site-content-layout":"full-width-container","site-content-style":"unboxed","site-sidebar-style":"unboxed","ast-global-header-display":"","ast-banner-title-visibility":"","ast-main-header-display":"","ast-hfb-above-header-display":"","ast-hfb-below-header-display":"","ast-hfb-mobile-header-display":"","site-post-title":"disabled","ast-breadcrumbs-content":"disabled","ast-featured-img":"disabled","footer-sml-layout":"","theme-transparent-header-meta":"enabled","adv-header-id-meta":"","stick-header-meta":"","header-above-stick-meta":"","header-main-stick-meta":"","header-below-stick-meta":"","astra-migrate-meta-layouts":"set","ast-page-background-enabled":"default","ast-page-background-meta":{"desktop":{"background-color":"","background-image":"","background-repeat":"repeat","background-position":"center center","background-size":"auto","background-attachment":"scroll","background-type":"","background-media":"","overlay-type":"","overlay-color":"","overlay-gradient":""},"tablet":{"background-color":"","background-image":"","background-repeat":"repeat","background-position":"center center","background-size":"auto","background-attachment":"scroll","background-type":"","background-media":"","overlay-type":"","overlay-color":"","overlay-gradient":""},"mobile":{"background-color":"","background-image":"","background-repeat":"repeat","background-position":"center center","background-size":"auto","background-attachment":"scroll","background-type":"","background-media":"","overlay-type":"","overlay-color":"","overlay-gradient":""}},"ast-content-background-meta":{"desktop":{"background-color":"var(--ast-global-color-5)","background-image":"","background-repeat":"repeat","background-position":"center center","background-size":"auto","background-attachment":"scroll","background-type":"","background-media":"","overlay-type":"","overlay-color":"","overlay-gradient":""},"tablet":{"background-color":"var(--ast-global-color-5)","background-image":"","background-repeat":"repeat","background-position":"center center","background-size":"auto","background-attachment":"scroll","background-type":"","background-media":"","overlay-type":"","overlay-color":"","overlay-gradient":""},"mobile":{"background-color":"var(--ast-global-color-5)","background-image":"","background-repeat":"repeat","background-position":"center center","background-size":"auto","background-attachment":"scroll","background-type":"","background-media":"","overlay-type":"","overlay-color":"","overlay-gradient":""}},"footnotes":""},"class_list":["post-1085","page","type-page","status-publish","hentry"],"jetpack_likes_enabled":true,"jetpack_sharing_enabled":true,"jetpack_shortlink":"https:\/\/wp.me\/PehrFj-hv","jetpack-related-posts":[{"id":1056,"url":"https:\/\/favc.blog\/en\/","url_meta":{"origin":1085,"position":0},"title":"Home","author":"FAVC","date":"16 de June de 2021","format":false,"excerpt":"BIENVENIDO \u00bfQu\u00e9 es Fiesta Americana Vacation Club? Viajes \/ Hospedaje Descubre qu\u00e9 es la membres\u00eda Fiesta Americana Vacation Club y por qu\u00e9 es la mejor opci\u00f3n para ti y tu familia. Conoce m\u00e1s \u00daltimas notas Por qu\u00e9 viajar en los \u00faltimos meses del a\u00f1o es inolvidable Vive las festividades mexicanas\u2026","rel":"","context":"Similar post","block_context":{"text":"Similar post","link":""},"img":{"alt_text":"Razones para viajar en fin de a\u00f1o","src":"https:\/\/i0.wp.com\/favc.blog\/wp-content\/uploads\/2025\/09\/por-que-viajar-temporada-baja-300x200.jpg?resize=350%2C200&ssl=1","width":350,"height":200},"classes":[]},{"id":1303,"url":"https:\/\/favc.blog\/en\/notas\/","url_meta":{"origin":1085,"position":1},"title":"Notas","author":"FAVC","date":"7 de November de 2022","format":false,"excerpt":"Todas las Notas Encuentra toda la informaci\u00f3n sobre la membres\u00eda Fiesta Americana Vacation Club: c\u00f3mo funciona, destinos, reservaciones, experiencias \u00a1y m\u00e1s beneficios! NOTICIAS DESTACADAS \u00bfQu\u00e9 es Fiesta Americana Vacation Club? Conoce todo sobre la membres\u00eda Fiesta Americana Vacation Club y descubre por qu\u00e9 es la mejor opci\u00f3n para ti y\u2026","rel":"","context":"Similar post","block_context":{"text":"Similar post","link":""},"img":{"alt_text":"Qu\u00e9 es Fiesta Americana Vacation Club","src":"https:\/\/i0.wp.com\/favc.blog\/wp-content\/uploads\/2022\/11\/fiesta-americana-vacation-club-1.jpg?resize=350%2C200&ssl=1","width":350,"height":200,"srcset":"https:\/\/i0.wp.com\/favc.blog\/wp-content\/uploads\/2022\/11\/fiesta-americana-vacation-club-1.jpg?resize=350%2C200&ssl=1 1x, https:\/\/i0.wp.com\/favc.blog\/wp-content\/uploads\/2022\/11\/fiesta-americana-vacation-club-1.jpg?resize=525%2C300&ssl=1 1.5x, https:\/\/i0.wp.com\/favc.blog\/wp-content\/uploads\/2022\/11\/fiesta-americana-vacation-club-1.jpg?resize=700%2C400&ssl=1 2x, https:\/\/i0.wp.com\/favc.blog\/wp-content\/uploads\/2022\/11\/fiesta-americana-vacation-club-1.jpg?resize=1050%2C600&ssl=1 3x, https:\/\/i0.wp.com\/favc.blog\/wp-content\/uploads\/2022\/11\/fiesta-americana-vacation-club-1.jpg?resize=1400%2C800&ssl=1 4x"},"classes":[]},{"id":1069,"url":"https:\/\/favc.blog\/en\/faqs\/","url_meta":{"origin":1085,"position":2},"title":"FAQs","author":"FAVC","date":"16 de June de 2021","format":false,"excerpt":"Preguntas Frecuentes \u00bfQu\u00e9 duda podemos ayudarte a resolver? \u00bfQu\u00e9 es Fiesta Americana Vacation Club (FAVC)? Es una membres\u00eda vacacional de largo plazo que est\u00e1 basada en un sistema de puntos. Al ser socio, puedes hospedarte en villas y habitaciones de los resorts y hoteles participantes, as\u00ed como en los desarrollos\u2026","rel":"","context":"Similar post","block_context":{"text":"Similar post","link":""},"img":{"alt_text":"live aqua","src":"https:\/\/i0.wp.com\/favc.blog\/wp-content\/uploads\/2022\/11\/Live-Aqua-150x100.png?resize=350%2C200&ssl=1","width":350,"height":200},"classes":[]}],"_links":{"self":[{"href":"https:\/\/favc.blog\/en\/wp-json\/wp\/v2\/pages\/1085","targetHints":{"allow":["GET"]}}],"collection":[{"href":"https:\/\/favc.blog\/en\/wp-json\/wp\/v2\/pages"}],"about":[{"href":"https:\/\/favc.blog\/en\/wp-json\/wp\/v2\/types\/page"}],"author":[{"embeddable":true,"href":"https:\/\/favc.blog\/en\/wp-json\/wp\/v2\/users\/226577103"}],"replies":[{"embeddable":true,"href":"https:\/\/favc.blog\/en\/wp-json\/wp\/v2\/comments?post=1085"}],"version-history":[{"count":36,"href":"https:\/\/favc.blog\/en\/wp-json\/wp\/v2\/pages\/1085\/revisions"}],"predecessor-version":[{"id":3564,"href":"https:\/\/favc.blog\/en\/wp-json\/wp\/v2\/pages\/1085\/revisions\/3564"}],"wp:attachment":[{"href":"https:\/\/favc.blog\/en\/wp-json\/wp\/v2\/media?parent=1085"}],"curies":[{"name":"wp","href":"https:\/\/api.w.org\/{rel}","templated":true}]}}