{"id":1056,"date":"2021-06-16T12:15:28","date_gmt":"2021-06-16T12:15:28","guid":{"rendered":"https:\/\/favc.blog\/home\/"},"modified":"2025-10-07T12:14:32","modified_gmt":"2025-10-07T18:14:32","slug":"home","status":"publish","type":"page","link":"https:\/\/favc.blog\/en\/","title":{"rendered":"Home"},"content":{"rendered":"\n<h6>\n\t\t\t\tBIENVENIDO\n\t\t\t<\/h6>\n\t<h1>\n\t\t\t\t\u00bfQu\u00e9 es Fiesta <br> Americana <br>Vacation Club?\n\t\t\t<\/h1>\n\t<h4>\n\t\t\t\tViajes \/ Hospedaje\n\t\t\t<\/h4>\n\t<p>Descubre qu\u00e9 es la membres\u00eda Fiesta Americana Vacation Club y por qu\u00e9 es la mejor opci\u00f3n para ti y tu familia.<\/p>\n\t\t\t<a href=\"Current URL: [favc_button_url]\" target=\"_self\" role=\"button\" aria-label=\"Conoce m\u00e1s\">\n\t\t\t\t\t\t\tConoce m\u00e1s\n\t\t<\/a>\n\t\t\t\t<img decoding=\"async\" src=\"https:\/\/staging-64fd-favcblog.wpcomstaging.com\/wp-content\/uploads\/2022\/11\/favc.jpg\" alt=\"membresia fiesta americana vacation club\" title=\"membresia fiesta americana vacation club\" itemprop=\"image\">\n\t<h2>\n\t\t\t\t\u00daltimas notas\n\t\t\t<\/h2>\n\t\t\t\t\t\t\t\t\t\t\t\t\t\t<a href=\"https:\/\/favc.blog\/informacion-para-viajeros\/por-que-viajar-en-los-ultimos-meses-del-ano-es-inolvidable\/\" target=\"_self\" title=\"Por qu\u00e9 viajar en los \u00faltimos meses del a\u00f1o es inolvidable\">\n\t\t\t\t<img decoding=\"async\" src=\"https:\/\/favc.blog\/wp-content\/uploads\/2025\/09\/por-que-viajar-temporada-baja-300x200.jpg\" alt=\"Razones para viajar en fin de a\u00f1o\">\n\t\t\t\t<\/a>\n\t\t\t\t\t\t<h3>\n\t\t\t\t<a href=\"https:\/\/favc.blog\/informacion-para-viajeros\/por-que-viajar-en-los-ultimos-meses-del-ano-es-inolvidable\/\" title=\"Por qu\u00e9 viajar en los \u00faltimos meses del a\u00f1o es inolvidable\" tabindex=\"0\">Por qu\u00e9 viajar en los \u00faltimos meses del a\u00f1o es inolvidable<\/a>\t\t\t<\/h3>\n\t\t\t\t\t\t\t\t\t\t\t\t\t\t<a href=\"https:\/\/favc.blog\/atracciones-turisticas\/vive-las-festividades-mexicanas-en-estos-destinos-favc\/\" target=\"_self\" title=\"Vive las festividades mexicanas en estos destinos FAVC\">\n\t\t\t\t<img decoding=\"async\" src=\"https:\/\/favc.blog\/wp-content\/uploads\/2025\/09\/celebracion-mexicana-del-dia-de-los-muertos-300x200.jpg\" alt=\"rutas culturales en mexico\">\n\t\t\t\t<\/a>\n\t\t\t\t\t\t<h3>\n\t\t\t\t<a href=\"https:\/\/favc.blog\/atracciones-turisticas\/vive-las-festividades-mexicanas-en-estos-destinos-favc\/\" title=\"Vive las festividades mexicanas en estos destinos FAVC\" tabindex=\"0\">Vive las festividades mexicanas en estos destinos FAVC<\/a>\t\t\t<\/h3>\n\t\t\t\t\t\t\t\t\t\t\t\t\t\t<a href=\"https:\/\/favc.blog\/vacaciones\/las-ventajas-de-viajar-en-septiembre-y-entre-temporadas\/\" target=\"_self\" title=\"Las ventajas de viajar en septiembre y entre temporadas\">\n\t\t\t\t<img decoding=\"async\" src=\"https:\/\/favc.blog\/wp-content\/uploads\/2025\/09\/viajar-en-septiembre-300x200.jpg\" alt=\"Vacaciones tranquilas con amiga\">\n\t\t\t\t<\/a>\n\t\t\t\t\t\t<h3>\n\t\t\t\t<a href=\"https:\/\/favc.blog\/vacaciones\/las-ventajas-de-viajar-en-septiembre-y-entre-temporadas\/\" title=\"Las ventajas de viajar en septiembre y entre temporadas\" tabindex=\"0\">Las ventajas de viajar en septiembre y entre temporadas<\/a>\t\t\t<\/h3>\n\t<h2>\n\t\t\t\tLo mejor de FAVC\n\t\t\t<\/h2>\n\t\t\t<p>Conoce m\u00e1s sobre los beneficios que la membres\u00eda Fiesta Americana Vacation Club tiene para ti.<\/p>\t\n\t<a href=\"https:\/\/favc.blog\/club-vacacional\/que-es-un-club-vacacional\/\" target=\"_self\" aria-label=\"Go to https:\/\/favc.blog\/club-vacacional\/que-es-un-club-vacacional\/\"><\/a>\n\t\t\t\t<img decoding=\"async\" src=\"https:\/\/favc.blog\/wp-content\/uploads\/2022\/11\/que-es-un-club-vacacional-1.jpg\" alt=\"Qu\u00e9 es un club vacacional\" title=\"que-es-un-club-vacacional\" itemprop=\"image\">\n\t\t<h3>\u00bfQu\u00e9 es un club vacacional y qu\u00e9 servicios ofrece?<\/h3>\t\t\t\n\t\t\t\t<p>Conoce qu\u00e9 es un club vacacional, los beneficios que ofrece y en qu\u00e9 se diferencia de un tiempo compartido.<\/p>\n\t<a href=\"https:\/\/favc.blog\/club-vacacional\/que-es-una-membresia-vacacional\/\" target=\"_self\" aria-label=\"Go to https:\/\/favc.blog\/club-vacacional\/que-es-una-membresia-vacacional\/\"><\/a>\n\t\t\t\t<img decoding=\"async\" src=\"https:\/\/favc.blog\/wp-content\/uploads\/2022\/11\/que-es-una-membresia-vacacional.jpg\" alt=\"Qu\u00e9 es una membres\u00eda vacacional\" title=\"que-es-una-membresia-vacacional\" itemprop=\"image\">\n\t\t<h3>Tips para que elijas la mejor membres\u00eda vacacional<\/h3>\t\t\t\n\t\t\t\t<p>\u00bfQuieres la mejor membres\u00eda vacacional para tu familia? Estos son los detalles en los que debes fijarte.<\/p>\n\t<a href=\"https:\/\/favc.blog\/club-vacacional\/que-es-fiesta-americana-vacation-club\/\" target=\"_self\" aria-label=\"Go to https:\/\/favc.blog\/club-vacacional\/que-es-fiesta-americana-vacation-club\/\"><\/a>\n\t\t\t\t<img decoding=\"async\" src=\"https:\/\/favc.blog\/wp-content\/uploads\/2022\/11\/fiesta-americana-vacation-club-1.jpg\" alt=\"Qu\u00e9 es Fiesta Americana Vacation Club\" title=\"fiesta-americana-vacation-club\" itemprop=\"image\">\n\t\t<h3>\u00bfQu\u00e9 es Fiesta Americana Vacation Club?<\/h3>\t\t\t\n\t\t\t\t<p>Conoce todo sobre la membres\u00eda Fiesta Americana Vacation Club y descubre por qu\u00e9 es la mejor opci\u00f3n para ti y tu familia.<\/p>\n\t\t\t<a href=\"https:\/\/favc.blog\/category\/club-vacacional\/\" target=\"_self\">\n\t\t\t\t\t\t\tConoce m\u00e1s\n\t\t\t\t\t<\/a>\n\t<h6>\n\t\t\t\tNUESTROS HOTELES\n\t\t\t<\/h6>\n\t\t\t\t<a href=\"https:\/\/www.liveaqua.com\/\" target=\"_blank\" rel=\"noopener nofollow\" itemprop=\"url\">\n\t\t\t\t<img decoding=\"async\" src=\"https:\/\/staging-64fd-favcblog.wpcomstaging.com\/wp-content\/uploads\/2022\/11\/Live-Aqua-150x100.png\" alt=\"live aqua\" itemprop=\"image\" title=\"live aqua\" onerror=\"this.style.display='none'\" loading=\"lazy\">\n\t\t\t\t<\/a>\n\t\t\t\t<a href=\"https:\/\/www.grandfiestamericana.com\/\" target=\"_blank\" rel=\"noopener nofollow\" itemprop=\"url\">\n\t\t\t\t<img decoding=\"async\" src=\"https:\/\/staging-64fd-favcblog.wpcomstaging.com\/wp-content\/uploads\/2022\/11\/Grand-Fiesta-Americana-150x100.png\" alt=\"fiesta americana grand\" itemprop=\"image\" title=\"fiesta americana grand\" onerror=\"this.style.display='none'\" loading=\"lazy\">\n\t\t\t\t<\/a>\n\t\t\t\t<a href=\"https:\/\/www.curamoria.com\/\" target=\"_blank\" rel=\"noopener nofollow\" itemprop=\"url\">\n\t\t\t\t<img decoding=\"async\" src=\"https:\/\/staging-64fd-favcblog.wpcomstaging.com\/wp-content\/uploads\/2022\/11\/Curamoria-150x100.png\" alt=\"curamoria\" itemprop=\"image\" title=\"curamoria\" onerror=\"this.style.display='none'\" loading=\"lazy\">\n\t\t\t\t<\/a>\n\t\t\t\t<a href=\"https:\/\/www.fiestamericana.com\/\" target=\"_blank\" rel=\"noopener nofollow\" itemprop=\"url\">\n\t\t\t\t<img decoding=\"async\" src=\"https:\/\/staging-64fd-favcblog.wpcomstaging.com\/wp-content\/uploads\/2022\/11\/Fiesta-Americana-150x100.png\" alt=\"hotel fiesta americana\" itemprop=\"image\" title=\"hotel fiesta americana\" onerror=\"this.style.display='none'\" loading=\"lazy\">\n\t\t\t\t<\/a>\n\t\t\t\t<a href=\"https:\/\/www.explorean.com\/\" target=\"_blank\" rel=\"noopener nofollow\" itemprop=\"url\">\n\t\t\t\t<img decoding=\"async\" src=\"https:\/\/staging-64fd-favcblog.wpcomstaging.com\/wp-content\/uploads\/2022\/11\/The-Explorean-150x100.png\" alt=\"Explorean\" itemprop=\"image\" title=\"Explorean\" onerror=\"this.style.display='none'\" loading=\"lazy\">\n\t\t\t\t<\/a>\n\t\t\t\t<a href=\"https:\/\/www.ioh-hoteles.com\/\" target=\"_blank\" rel=\"noopener nofollow\" itemprop=\"url\">\n\t\t\t\t<img decoding=\"async\" src=\"https:\/\/staging-64fd-favcblog.wpcomstaging.com\/wp-content\/uploads\/2022\/11\/IOH-150x100.png\" alt=\"ioh\" itemprop=\"image\" title=\"IOH\" onerror=\"this.style.display='none'\" loading=\"lazy\">\n\t\t\t\t<\/a>\n\t\t\t\t<a href=\"https:\/\/www.fiestainn.com\/\" target=\"_blank\" rel=\"noopener nofollow\" itemprop=\"url\">\n\t\t\t\t<img decoding=\"async\" src=\"https:\/\/staging-64fd-favcblog.wpcomstaging.com\/wp-content\/uploads\/2022\/11\/Fiesta-Inn-150x100.png\" alt=\"hotel fiesta inn\" itemprop=\"image\" title=\"hotel fiesta inn\" onerror=\"this.style.display='none'\" loading=\"lazy\">\n\t\t\t\t<\/a>\n\t\t\t\t<a href=\"https:\/\/www.gammahoteles.com\/\" target=\"_blank\" rel=\"noopener nofollow\" itemprop=\"url\">\n\t\t\t\t<img decoding=\"async\" src=\"https:\/\/staging-64fd-favcblog.wpcomstaging.com\/wp-content\/uploads\/2022\/11\/Gamma-150x100.png\" alt=\"gamma hoteles\" itemprop=\"image\" title=\"gamma hoteles\" onerror=\"this.style.display='none'\" loading=\"lazy\">\n\t\t\t\t<\/a>\n\t\t\t\t<a href=\"https:\/\/www.onehoteles.com\/\" target=\"_blank\" rel=\"noopener nofollow\" itemprop=\"url\">\n\t\t\t\t<img decoding=\"async\" src=\"https:\/\/staging-64fd-favcblog.wpcomstaging.com\/wp-content\/uploads\/2022\/11\/One-150x100.png\" alt=\"one hoteles\" itemprop=\"image\" title=\"hoteles-one\" onerror=\"this.style.display='none'\" loading=\"lazy\">\n\t\t\t\t<\/a>\n\t<h2>\n\t\t\t\tMereces viajar con <br>Fiesta Americana Vacation Club\n\t\t\t<\/h2>\n\t<p>Visita los lugares que siempre deseaste, vive experiencias maravillosas y disfruta de unas vacaciones memorables.<\/p>\n\t\t\t<a href=\"https:\/\/api.whatsapp.com\/send?phone=5215580086152&amp;text=Hola%2C%C2%BFMe+pueden+ayudar%3F&amp;utm_source=website&amp;utm_medium=blog+&amp;utm_campaign=FAVC+\" target=\"_blank\" rel=\"noopener\" role=\"button\" aria-label=\"\u00a1Empieza a viajar!\">\n\t\t\t\t\t\t\t\u00a1Empieza a viajar!\n\t\t<\/a>\n","protected":false},"excerpt":{"rendered":"<p>BIENVENIDO \u00bfQu\u00e9 es Fiesta Americana Vacation Club? Viajes \/ Hospedaje Descubre qu\u00e9 es la membres\u00eda Fiesta Americana Vacation Club y [&hellip;]<\/p>\n","protected":false},"author":226577103,"featured_media":0,"parent":0,"menu_order":0,"comment_status":"closed","ping_status":"closed","template":"","meta":{"_crdt_document":"","site-sidebar-layout":"no-sidebar","site-content-layout":"page-builder","ast-site-content-layout":"full-width-container","site-content-style":"unboxed","site-sidebar-style":"unboxed","ast-global-header-display":"","ast-banner-title-visibility":"","ast-main-header-display":"","ast-hfb-above-header-display":"","ast-hfb-below-header-display":"","ast-hfb-mobile-header-display":"","site-post-title":"disabled","ast-breadcrumbs-content":"disabled","ast-featured-img":"disabled","footer-sml-layout":"","theme-transparent-header-meta":"enabled","adv-header-id-meta":"","stick-header-meta":"","header-above-stick-meta":"","header-main-stick-meta":"","header-below-stick-meta":"","astra-migrate-meta-layouts":"set","ast-page-background-enabled":"default","ast-page-background-meta":{"desktop":{"background-color":"","background-image":"","background-repeat":"repeat","background-position":"center center","background-size":"auto","background-attachment":"scroll","background-type":"","background-media":"","overlay-type":"","overlay-color":"","overlay-gradient":""},"tablet":{"background-color":"","background-image":"","background-repeat":"repeat","background-position":"center center","background-size":"auto","background-attachment":"scroll","background-type":"","background-media":"","overlay-type":"","overlay-color":"","overlay-gradient":""},"mobile":{"background-color":"","background-image":"","background-repeat":"repeat","background-position":"center center","background-size":"auto","background-attachment":"scroll","background-type":"","background-media":"","overlay-type":"","overlay-color":"","overlay-gradient":""}},"ast-content-background-meta":{"desktop":{"background-color":"var(--ast-global-color-5)","background-image":"","background-repeat":"repeat","background-position":"center center","background-size":"auto","background-attachment":"scroll","background-type":"","background-media":"","overlay-type":"","overlay-color":"","overlay-gradient":""},"tablet":{"background-color":"var(--ast-global-color-5)","background-image":"","background-repeat":"repeat","background-position":"center center","background-size":"auto","background-attachment":"scroll","background-type":"","background-media":"","overlay-type":"","overlay-color":"","overlay-gradient":""},"mobile":{"background-color":"var(--ast-global-color-5)","background-image":"","background-repeat":"repeat","background-position":"center center","background-size":"auto","background-attachment":"scroll","background-type":"","background-media":"","overlay-type":"","overlay-color":"","overlay-gradient":""}},"footnotes":""},"class_list":["post-1056","page","type-page","status-publish","hentry"],"jetpack_likes_enabled":true,"jetpack_sharing_enabled":true,"jetpack_shortlink":"https:\/\/wp.me\/PehrFj-h2","jetpack-related-posts":[{"id":1303,"url":"https:\/\/favc.blog\/en\/notas\/","url_meta":{"origin":1056,"position":0},"title":"Notas","author":"FAVC","date":"7 de November de 2022","format":false,"excerpt":"Todas las Notas Encuentra toda la informaci\u00f3n sobre la membres\u00eda Fiesta Americana Vacation Club: c\u00f3mo funciona, destinos, reservaciones, experiencias \u00a1y m\u00e1s beneficios! NOTICIAS DESTACADAS \u00bfQu\u00e9 es Fiesta Americana Vacation Club? Conoce todo sobre la membres\u00eda Fiesta Americana Vacation Club y descubre por qu\u00e9 es la mejor opci\u00f3n para ti y\u2026","rel":"","context":"Similar post","block_context":{"text":"Similar post","link":""},"img":{"alt_text":"Qu\u00e9 es Fiesta Americana Vacation Club","src":"https:\/\/i0.wp.com\/favc.blog\/wp-content\/uploads\/2022\/11\/fiesta-americana-vacation-club-1.jpg?resize=350%2C200&ssl=1","width":350,"height":200,"srcset":"https:\/\/i0.wp.com\/favc.blog\/wp-content\/uploads\/2022\/11\/fiesta-americana-vacation-club-1.jpg?resize=350%2C200&ssl=1 1x, https:\/\/i0.wp.com\/favc.blog\/wp-content\/uploads\/2022\/11\/fiesta-americana-vacation-club-1.jpg?resize=525%2C300&ssl=1 1.5x, https:\/\/i0.wp.com\/favc.blog\/wp-content\/uploads\/2022\/11\/fiesta-americana-vacation-club-1.jpg?resize=700%2C400&ssl=1 2x, https:\/\/i0.wp.com\/favc.blog\/wp-content\/uploads\/2022\/11\/fiesta-americana-vacation-club-1.jpg?resize=1050%2C600&ssl=1 3x, https:\/\/i0.wp.com\/favc.blog\/wp-content\/uploads\/2022\/11\/fiesta-americana-vacation-club-1.jpg?resize=1400%2C800&ssl=1 4x"},"classes":[]},{"id":1085,"url":"https:\/\/favc.blog\/en\/contact\/","url_meta":{"origin":1056,"position":1},"title":"Contact","author":"FAVC","date":"16 de June de 2021","format":false,"excerpt":"Contacto \u00bfTienes alguna otra duda acerca de la membres\u00eda Fiesta Americana Vacation Club? Comun\u00edcate con nosotros y con gusto te atenderemos. DIRECCI\u00d3N Av. Prolongaci\u00f3n Paseo de la Reforma 1015, Torre A, Piso 9, Col. Santa Fe de Cuajimalpa, Cuajimalpa, 05348 TEL\u00c9FONO Nacional 443 113 1490\u00a0\u00a0Internacional +52 443 113 1490Desde Estados\u2026","rel":"","context":"Similar post","block_context":{"text":"Similar post","link":""},"img":{"alt_text":"","src":"","width":0,"height":0},"classes":[]},{"id":1069,"url":"https:\/\/favc.blog\/en\/faqs\/","url_meta":{"origin":1056,"position":2},"title":"FAQs","author":"FAVC","date":"16 de June de 2021","format":false,"excerpt":"Preguntas Frecuentes \u00bfQu\u00e9 duda podemos ayudarte a resolver? \u00bfQu\u00e9 es Fiesta Americana Vacation Club (FAVC)? Es una membres\u00eda vacacional de largo plazo que est\u00e1 basada en un sistema de puntos. Al ser socio, puedes hospedarte en villas y habitaciones de los resorts y hoteles participantes, as\u00ed como en los desarrollos\u2026","rel":"","context":"Similar post","block_context":{"text":"Similar post","link":""},"img":{"alt_text":"live aqua","src":"https:\/\/i0.wp.com\/favc.blog\/wp-content\/uploads\/2022\/11\/Live-Aqua-150x100.png?resize=350%2C200&ssl=1","width":350,"height":200},"classes":[]}],"_links":{"self":[{"href":"https:\/\/favc.blog\/en\/wp-json\/wp\/v2\/pages\/1056","targetHints":{"allow":["GET"]}}],"collection":[{"href":"https:\/\/favc.blog\/en\/wp-json\/wp\/v2\/pages"}],"about":[{"href":"https:\/\/favc.blog\/en\/wp-json\/wp\/v2\/types\/page"}],"author":[{"embeddable":true,"href":"https:\/\/favc.blog\/en\/wp-json\/wp\/v2\/users\/226577103"}],"replies":[{"embeddable":true,"href":"https:\/\/favc.blog\/en\/wp-json\/wp\/v2\/comments?post=1056"}],"version-history":[{"count":100,"href":"https:\/\/favc.blog\/en\/wp-json\/wp\/v2\/pages\/1056\/revisions"}],"predecessor-version":[{"id":4335,"href":"https:\/\/favc.blog\/en\/wp-json\/wp\/v2\/pages\/1056\/revisions\/4335"}],"wp:attachment":[{"href":"https:\/\/favc.blog\/en\/wp-json\/wp\/v2\/media?parent=1056"}],"curies":[{"name":"wp","href":"https:\/\/api.w.org\/{rel}","templated":true}]}}